{"id":136,"date":"2018-12-06T09:16:38","date_gmt":"2018-12-06T09:16:38","guid":{"rendered":"http:\/\/mkk.wisnia.pl\/?page_id=136"},"modified":"2024-03-04T14:43:34","modified_gmt":"2024-03-04T13:43:34","slug":"kontakt","status":"publish","type":"page","link":"https:\/\/muzeum.ostroleka.pl\/?page_id=136","title":{"rendered":"Kontakt"},"content":{"rendered":"<p><strong>Muzeum Kultury Kurpiowskiej<\/strong> <strong>w Ostro\u0142\u0119ce<\/strong><\/p>\n<p>plac gen. J\u00f3zefa Bema 8<br \/>\n07-410 Ostro\u0142\u0119ka<\/p>\n<p>tel.: 29 764 54 43<br \/>\ntel.\/fax: 29 764 35 00<br \/>\ne-mail:&nbsp;<a href=\"mailto:biuro@muzeum.ostroleka.pl\">biuro@muzeum.ostroleka.pl<\/a><\/p>\n<p><a href=\"http:\/\/muzeum.hitowy.pl\/\">www.muzeum.ostroleka.pl<\/a><\/p>\n<p>Punkt informacyjny:<br \/>\ntel.: 29 764 54 43&nbsp; wew. 32<br \/>\ne-mail: <a href=\"mailto:informacja@muzeum.ostroleka.pl\">informacja@muzeum.ostroleka.pl<\/a><\/p>\n<p>&nbsp;<\/p>\n<p>&nbsp;<\/p>\n<p><strong>Pomnik Mauzoleum \u017co\u0142nierzy poleg\u0142ych w bitwie pod Ostro\u0142\u0119k\u0105 26 maja 1831 roku<\/strong><\/p>\n<p>ul. Warszawska 2A<br \/>\n07-410 Ostro\u0142\u0119ka<\/p>\n<p>tel.: 29 772 10 24<\/p>\n<p>&nbsp;<\/p>\n<p><strong>Zagroda Kurpiowska w Kadzidle<\/strong><\/p>\n<p>ul. Trasa Mazurska 1B<br \/>\n07-420 Kadzid\u0142o<\/p>\n<p>tel.: 29 761 82 00<br \/>\ne-mail: <a href=\"mailto:zagrodakurpiowska@muzeum.ostroleka.pl\">zagrodakurpiowska@muzeum.ostroleka.pl<\/a><\/p>\n<p>&nbsp;<\/p>\n<p>&nbsp;<\/p>\n","protected":false},"excerpt":{"rendered":"<p>Muzeum Kultury Kurpiowskiej w Ostro\u0142\u0119ce plac gen. J\u00f3zefa Bema 8 07-410 Ostro\u0142\u0119ka tel.: 29 764 54 43 tel.\/fax: 29 764 35 00 e-mail:&nbsp;biuro@muzeum.ostroleka.pl www.muzeum.ostroleka.pl Punkt informacyjny: tel.: 29 764 54 43&nbsp; wew. 32 e-mail: informacja@muzeum.ostroleka.pl &nbsp; &nbsp; Pomnik Mauzoleum \u017co\u0142nierzy poleg\u0142ych w bitwie pod Ostro\u0142\u0119k\u0105 26 maja 1831 roku ul. Warszawska 2A 07-410 Ostro\u0142\u0119ka tel.: [&hellip;]<\/p>\n","protected":false},"author":1,"featured_media":0,"parent":0,"menu_order":0,"comment_status":"closed","ping_status":"closed","template":"","meta":{"_acf_changed":false,"_lmt_disableupdate":"","_lmt_disable":"","_monsterinsights_skip_tracking":false,"_monsterinsights_sitenote_active":false,"_monsterinsights_sitenote_note":"","_monsterinsights_sitenote_category":0,"ngg_post_thumbnail":0,"footnotes":""},"class_list":["post-136","page","type-page","status-publish","hentry"],"acf":[],"_links":{"self":[{"href":"https:\/\/muzeum.ostroleka.pl\/index.php?rest_route=\/wp\/v2\/pages\/136","targetHints":{"allow":["GET"]}}],"collection":[{"href":"https:\/\/muzeum.ostroleka.pl\/index.php?rest_route=\/wp\/v2\/pages"}],"about":[{"href":"https:\/\/muzeum.ostroleka.pl\/index.php?rest_route=\/wp\/v2\/types\/page"}],"author":[{"embeddable":true,"href":"https:\/\/muzeum.ostroleka.pl\/index.php?rest_route=\/wp\/v2\/users\/1"}],"replies":[{"embeddable":true,"href":"https:\/\/muzeum.ostroleka.pl\/index.php?rest_route=%2Fwp%2Fv2%2Fcomments&post=136"}],"version-history":[{"count":12,"href":"https:\/\/muzeum.ostroleka.pl\/index.php?rest_route=\/wp\/v2\/pages\/136\/revisions"}],"predecessor-version":[{"id":15682,"href":"https:\/\/muzeum.ostroleka.pl\/index.php?rest_route=\/wp\/v2\/pages\/136\/revisions\/15682"}],"wp:attachment":[{"href":"https:\/\/muzeum.ostroleka.pl\/index.php?rest_route=%2Fwp%2Fv2%2Fmedia&parent=136"}],"curies":[{"name":"wp","href":"https:\/\/api.w.org\/{rel}","templated":true}]}}