{"id":1360,"date":"2019-10-28T10:52:02","date_gmt":"2019-10-28T10:52:02","guid":{"rendered":"http:\/\/muzeum.ostroleka.pl\/?page_id=1360"},"modified":"2019-11-04T14:29:09","modified_gmt":"2019-11-04T14:29:09","slug":"karta-duzej-rodziny","status":"publish","type":"page","link":"https:\/\/muzeum.ostroleka.pl\/?page_id=1360","title":{"rendered":"Karta Du\u017cej Rodziny"},"content":{"rendered":"<p>Karta du\u017cej rodziny Osobom posiadaj\u0105cym Kart\u0119 Du\u017cej Rodziny przys\u0142uguje 50% ulgi na bilety wst\u0119pu do Muzeum Kultury Kurpiowskiej w Ostro\u0142\u0119ce, Pomnika Mauzoleum \u017co\u0142nierzy poleg\u0142ych w bitwie pod Ostro\u0142\u0119k\u0105 26 maja 1831 roku oraz Zagrody Kurpiowskiej w Kadzidle.<\/p>\n<p>&nbsp;<\/p>\n<p>&nbsp;<\/p>\n","protected":false},"excerpt":{"rendered":"<p>Karta du\u017cej rodziny Osobom posiadaj\u0105cym Kart\u0119 Du\u017cej Rodziny przys\u0142uguje 50% ulgi na bilety wst\u0119pu do Muzeum Kultury Kurpiowskiej w Ostro\u0142\u0119ce, Pomnika Mauzoleum \u017co\u0142nierzy poleg\u0142ych w bitwie pod Ostro\u0142\u0119k\u0105 26 maja 1831 roku oraz Zagrody Kurpiowskiej w Kadzidle. &nbsp; &nbsp;<\/p>\n","protected":false},"author":1,"featured_media":0,"parent":0,"menu_order":0,"comment_status":"closed","ping_status":"closed","template":"","meta":{"_acf_changed":false,"_lmt_disableupdate":"","_lmt_disable":"","_monsterinsights_skip_tracking":false,"_monsterinsights_sitenote_active":false,"_monsterinsights_sitenote_note":"","_monsterinsights_sitenote_category":0,"ngg_post_thumbnail":0,"footnotes":""},"class_list":["post-1360","page","type-page","status-publish","hentry"],"acf":[],"_links":{"self":[{"href":"https:\/\/muzeum.ostroleka.pl\/index.php?rest_route=\/wp\/v2\/pages\/1360","targetHints":{"allow":["GET"]}}],"collection":[{"href":"https:\/\/muzeum.ostroleka.pl\/index.php?rest_route=\/wp\/v2\/pages"}],"about":[{"href":"https:\/\/muzeum.ostroleka.pl\/index.php?rest_route=\/wp\/v2\/types\/page"}],"author":[{"embeddable":true,"href":"https:\/\/muzeum.ostroleka.pl\/index.php?rest_route=\/wp\/v2\/users\/1"}],"replies":[{"embeddable":true,"href":"https:\/\/muzeum.ostroleka.pl\/index.php?rest_route=%2Fwp%2Fv2%2Fcomments&post=1360"}],"version-history":[{"count":2,"href":"https:\/\/muzeum.ostroleka.pl\/index.php?rest_route=\/wp\/v2\/pages\/1360\/revisions"}],"predecessor-version":[{"id":1694,"href":"https:\/\/muzeum.ostroleka.pl\/index.php?rest_route=\/wp\/v2\/pages\/1360\/revisions\/1694"}],"wp:attachment":[{"href":"https:\/\/muzeum.ostroleka.pl\/index.php?rest_route=%2Fwp%2Fv2%2Fmedia&parent=1360"}],"curies":[{"name":"wp","href":"https:\/\/api.w.org\/{rel}","templated":true}]}}