{"id":1396,"date":"2019-10-28T12:06:38","date_gmt":"2019-10-28T12:06:38","guid":{"rendered":"http:\/\/muzeum.ostroleka.pl\/?page_id=1396"},"modified":"2019-10-28T12:13:18","modified_gmt":"2019-10-28T12:13:18","slug":"zabytki-archeologiczne-ziemi-przasnyskiej","status":"publish","type":"page","link":"https:\/\/muzeum.ostroleka.pl\/?page_id=1396","title":{"rendered":"\u201eZabytki archeologiczne ziemi przasnyskiej\u201d"},"content":{"rendered":"<div>Publikacja \u201eZabytki archeologiczne ziemi przasnyskiej\u201d, powsta\u0142a dzi\u0119ki dofinansowaniu Ministerstwa Kultury i Dziedzictwa Narodowego z \u015brodk\u00f3w Promocji Kultury.<\/div>\n<div>Przygotowany w ramach zadania katalog prezentuje kolekcj\u0119 znalezisk archeologicznych z terenu ziemi przasnyskiej, znajduj\u0105cych si\u0119 w zbiorach Muzeum Historycznego w Przasnyszu, Pa\u0144stwowego Muzeum Archeologicznego w Warszawie i Muzeum Kultury Kurpiowskiej w Ostro\u0142\u0119ce. Wykroczenie poza form\u0119 katalogow\u0105, nota-fotografia, polegaj\u0105ce na zamieszczeniu tekst\u00f3w merytorycznych, fotografii i not katalogowych obiekt\u00f3w pozwoli\u0142o na prezentacj\u0119 jak\u017ce bogatego materialnego dziedzictwa ziemi przasnyskiej. Katalog dost\u0119pny jest w wersji cyfrowej oraz papierowej.<\/div>\n<p>&nbsp;<br \/>\nPliki do pobrania:<br \/>\n<a href=\"http:\/\/muzeum.ostroleka.pl\/wp-content\/uploads\/2019\/10\/przasnysz2018.pdf\">\u201eZabytki archeologiczne ziemi przasnyskiej\u201d<\/a><\/p>\n<p>&nbsp;<\/p>\n<p>&nbsp;<\/p>\n<p>&nbsp;<\/p>\n","protected":false},"excerpt":{"rendered":"<p>Publikacja \u201eZabytki archeologiczne ziemi przasnyskiej\u201d, powsta\u0142a dzi\u0119ki dofinansowaniu Ministerstwa Kultury i Dziedzictwa Narodowego z \u015brodk\u00f3w Promocji Kultury. Przygotowany w ramach zadania katalog prezentuje kolekcj\u0119 znalezisk archeologicznych z terenu ziemi przasnyskiej, znajduj\u0105cych si\u0119 w zbiorach Muzeum Historycznego w Przasnyszu, Pa\u0144stwowego Muzeum Archeologicznego w Warszawie i Muzeum Kultury Kurpiowskiej w Ostro\u0142\u0119ce. Wykroczenie poza form\u0119 katalogow\u0105, nota-fotografia, polegaj\u0105ce [&hellip;]<\/p>\n","protected":false},"author":1,"featured_media":1400,"parent":0,"menu_order":0,"comment_status":"closed","ping_status":"closed","template":"","meta":{"_acf_changed":false,"_lmt_disableupdate":"","_lmt_disable":"","_monsterinsights_skip_tracking":false,"_monsterinsights_sitenote_active":false,"_monsterinsights_sitenote_note":"","_monsterinsights_sitenote_category":0,"ngg_post_thumbnail":0,"footnotes":""},"class_list":["post-1396","page","type-page","status-publish","has-post-thumbnail","hentry"],"acf":[],"_links":{"self":[{"href":"https:\/\/muzeum.ostroleka.pl\/index.php?rest_route=\/wp\/v2\/pages\/1396","targetHints":{"allow":["GET"]}}],"collection":[{"href":"https:\/\/muzeum.ostroleka.pl\/index.php?rest_route=\/wp\/v2\/pages"}],"about":[{"href":"https:\/\/muzeum.ostroleka.pl\/index.php?rest_route=\/wp\/v2\/types\/page"}],"author":[{"embeddable":true,"href":"https:\/\/muzeum.ostroleka.pl\/index.php?rest_route=\/wp\/v2\/users\/1"}],"replies":[{"embeddable":true,"href":"https:\/\/muzeum.ostroleka.pl\/index.php?rest_route=%2Fwp%2Fv2%2Fcomments&post=1396"}],"version-history":[{"count":6,"href":"https:\/\/muzeum.ostroleka.pl\/index.php?rest_route=\/wp\/v2\/pages\/1396\/revisions"}],"predecessor-version":[{"id":1415,"href":"https:\/\/muzeum.ostroleka.pl\/index.php?rest_route=\/wp\/v2\/pages\/1396\/revisions\/1415"}],"wp:featuredmedia":[{"embeddable":true,"href":"https:\/\/muzeum.ostroleka.pl\/index.php?rest_route=\/wp\/v2\/media\/1400"}],"wp:attachment":[{"href":"https:\/\/muzeum.ostroleka.pl\/index.php?rest_route=%2Fwp%2Fv2%2Fmedia&parent=1396"}],"curies":[{"name":"wp","href":"https:\/\/api.w.org\/{rel}","templated":true}]}}