{"id":1448,"date":"2019-10-30T09:13:03","date_gmt":"2019-10-30T09:13:03","guid":{"rendered":"http:\/\/muzeum.ostroleka.pl\/?page_id=1448"},"modified":"2023-06-19T07:08:27","modified_gmt":"2023-06-19T06:08:27","slug":"godziny-otwarcia-2","status":"publish","type":"page","link":"https:\/\/muzeum.ostroleka.pl\/?page_id=1448","title":{"rendered":"Godziny otwarcia"},"content":{"rendered":"<p><strong>Muzeum Kultury Kurpiowskiej w Ostro\u0142\u0119ce<br \/>\npl. gen. J\u00f3zefa Bema 8<\/strong><br \/>\n<strong>07-410 Ostro\u0142\u0119ka<\/strong><\/p>\n<p><strong>Godziny zwiedzania:<br \/>\n<\/strong>poniedzia\u0142ek \u2013 Muzeum nieczynne dla zwiedzaj\u0105cych,<br \/>\nwtorek, czwartek, pi\u0105tek : 9.00\u201317.00,<br \/>\n\u015broda: 9.00\u201318.00,<br \/>\nsobota i niedziela: 10.00\u201316.00.<\/p>\n<p><strong>Administracja<br \/>\n<\/strong><strong>Godziny otwarcia<\/strong>:&nbsp; poniedzia\u0142ek \u2013 pi\u0105tek: 8.00\u201316.00.<\/p>\n<p>&nbsp;<\/p>\n<p>\u2014\u2014\u2014\u2014\u2014\u2014\u2014\u2014\u2014\u2014<\/p>\n<p>&nbsp;<\/p>\n<p align=\"justify\"><strong>Pomnik Mauzoleum<br \/>\n<\/strong><strong>ul. Warszawska 2A<br \/>\n<\/strong><strong>07-410 Ostro\u0142\u0119ka<\/strong><\/p>\n<p align=\"justify\"><strong>Godziny zwiedzania:<\/strong><\/p>\n<p align=\"justify\"><strong>Sezon letni:&nbsp; 1 kwietnia \u2013 30 wrze\u015bnia<br \/>\n<\/strong>poniedzia\u0142ek: nieczynne<br \/>\nwtorek \u2013 pi\u0105tek: 10.00\u201317.00,<br \/>\nsobota \u2013 niedziela: 12.00\u201319.00.<\/p>\n<p align=\"justify\"><strong>Sezon zimowy: 1 pa\u017adziernika \u2013 31 marca<br \/>\n<\/strong>poniedzia\u0142ek: nieczynne,<br \/>\nwtorek \u2013 niedziela: 10.00\u201315.00.<\/p>\n<p align=\"justify\">&nbsp;<\/p>\n<p align=\"justify\">\u2014\u2014\u2014\u2014\u2014\u2014\u2014\u2014\u2014\u2014<\/p>\n<p align=\"justify\">&nbsp;<\/p>\n<p><strong>Zagroda Kurpiowska w Kadzidle<br \/>\nul. Trasa Mazurska 1B&nbsp;<br \/>\n07-420 Kadzid\u0142o<\/strong><\/p>\n<p><strong>Godziny zwiedzania:<\/strong><br \/>\ncodziennie \u2013&nbsp; 10.00\u201317.00.<\/p>\n<p align=\"justify\">&nbsp;<\/p>\n<p>&nbsp;<\/p>\n<p>&nbsp;<\/p>\n<p>&nbsp;<\/p>\n<p>&nbsp;<\/p>\n","protected":false},"excerpt":{"rendered":"<p>Muzeum Kultury Kurpiowskiej w Ostro\u0142\u0119ce pl. gen. J\u00f3zefa Bema 8 07-410 Ostro\u0142\u0119ka Godziny zwiedzania: poniedzia\u0142ek \u2013 Muzeum nieczynne dla zwiedzaj\u0105cych, wtorek, czwartek, pi\u0105tek : 9.00\u201317.00, \u015broda: 9.00\u201318.00, sobota i niedziela: 10.00\u201316.00. Administracja Godziny otwarcia:&nbsp; poniedzia\u0142ek \u2013 pi\u0105tek: 8.00\u201316.00. &nbsp; \u2014\u2014\u2014\u2014\u2014\u2014\u2014\u2014\u2014\u2014 &nbsp; Pomnik Mauzoleum ul. Warszawska 2A 07-410 Ostro\u0142\u0119ka Godziny zwiedzania: Sezon letni:&nbsp; 1 kwietnia \u2013 [&hellip;]<\/p>\n","protected":false},"author":1,"featured_media":347,"parent":0,"menu_order":0,"comment_status":"closed","ping_status":"closed","template":"","meta":{"_acf_changed":false,"_lmt_disableupdate":"","_lmt_disable":"","_monsterinsights_skip_tracking":false,"_monsterinsights_sitenote_active":false,"_monsterinsights_sitenote_note":"","_monsterinsights_sitenote_category":0,"ngg_post_thumbnail":0,"footnotes":""},"class_list":["post-1448","page","type-page","status-publish","has-post-thumbnail","hentry"],"acf":[],"_links":{"self":[{"href":"https:\/\/muzeum.ostroleka.pl\/index.php?rest_route=\/wp\/v2\/pages\/1448","targetHints":{"allow":["GET"]}}],"collection":[{"href":"https:\/\/muzeum.ostroleka.pl\/index.php?rest_route=\/wp\/v2\/pages"}],"about":[{"href":"https:\/\/muzeum.ostroleka.pl\/index.php?rest_route=\/wp\/v2\/types\/page"}],"author":[{"embeddable":true,"href":"https:\/\/muzeum.ostroleka.pl\/index.php?rest_route=\/wp\/v2\/users\/1"}],"replies":[{"embeddable":true,"href":"https:\/\/muzeum.ostroleka.pl\/index.php?rest_route=%2Fwp%2Fv2%2Fcomments&post=1448"}],"version-history":[{"count":16,"href":"https:\/\/muzeum.ostroleka.pl\/index.php?rest_route=\/wp\/v2\/pages\/1448\/revisions"}],"predecessor-version":[{"id":13816,"href":"https:\/\/muzeum.ostroleka.pl\/index.php?rest_route=\/wp\/v2\/pages\/1448\/revisions\/13816"}],"wp:featuredmedia":[{"embeddable":true,"href":"https:\/\/muzeum.ostroleka.pl\/index.php?rest_route=\/wp\/v2\/media\/347"}],"wp:attachment":[{"href":"https:\/\/muzeum.ostroleka.pl\/index.php?rest_route=%2Fwp%2Fv2%2Fmedia&parent=1448"}],"curies":[{"name":"wp","href":"https:\/\/api.w.org\/{rel}","templated":true}]}}