{"id":1496,"date":"2016-06-27T11:35:43","date_gmt":"2016-06-27T10:35:43","guid":{"rendered":"http:\/\/muzeum.ostroleka.pl\/?page_id=1496"},"modified":"2026-03-11T15:06:32","modified_gmt":"2026-03-11T14:06:32","slug":"dzieje-muzeum","status":"publish","type":"page","link":"https:\/\/muzeum.ostroleka.pl\/?page_id=1496","title":{"rendered":"Dzieje Muzeum"},"content":{"rendered":"<p>Ostro\u0142\u0119ckie Muzeum zosta\u0142o powo\u0142ane do istnienia w grudniu 1975 r. jako Muzeum Okr\u0119gowe. Na jego siedzib\u0119, kt\u00f3ra pozosta\u0142a niezmieniona, wybrano neoklasycystyczn\u0105 kamienic\u0119, wybudowan\u0105 w latach dwudziestych dziewi\u0119tnastego stulecia na potrzeby poczty. Na pocz\u0105tku, Muzeum otrzyma\u0142o do dyspozycji jedynie pi\u0119tro zabytkowej kamienicy, a ca\u0142o\u015bci\u0105 budynku dysponuje od roku 1980. Pierwsze lata dzia\u0142alno\u015bci to przede wszystkim intensywne gromadzenie eksponat\u00f3w i przygotowywanie odpowiedniej bazy.<\/p>\n<p>Muzeum, od samego pocz\u0105tku istnienia, otrzyma\u0142o struktur\u0119 wielodzia\u0142ow\u0105. Utworzono nast\u0119puj\u0105ce dzia\u0142y: etnograficzny, historyczny, sztuki i o\u015bwiatowy; w 1979 r. do\u0142\u0105czono dzia\u0142 archeologiczny. W latach osiemdziesi\u0105tych dzia\u0142ania towarzystw regionalnych i dzia\u0142aczy spo\u0142ecznych zaowocowa\u0142y powo\u0142aniem kilku filii Muzeum Okr\u0119gowego. By\u0142y to: Izba Kurpiowska w Kadzidle utworzona w 1979 roku, przekszta\u0142cona w 1991 roku w &nbsp;skansen Zagroda Kurpiowska; Muzeum &nbsp;Miejskie w Wyszkowie powo\u0142ane w 1983 roku, zlikwidowane w marcu 2003 roku; Muzeum Historyczne w Przasnyszu powo\u0142ane w 1983 roku; Izba Kurpiowska w Obrytem w Puszczy Bia\u0142ej r\u00f3wnie\u017c utworzona w 1982 roku, zlikwidowana w&nbsp;1997 roku.<\/p>\n<p>W latach 1989 \u2013 1992 przeprowadzono remont kapitalny budynku \u201estarej poczty\u201d a tak\u017ce dobudowano w&nbsp;podw\u00f3rku budynek administracyjny. Pozwoli\u0142o to zwi\u0119kszy\u0107 powierzchni\u0119 ekspozycyjn\u0105 oraz poprawi\u0142o og\u00f3lne warunki pracy. W 1998 roku Muzeum Okr\u0119gowe przekszta\u0142cono w Muzeum Kultury Kurpiowskiej oraz nadano mu nowy statut i regulamin organizacyjny.<\/p>\n<p>Od 1999 roku Muzeum ma nowego organizatora \u2013 dotychczasowego wojewod\u0119 ostro\u0142\u0119ckiego zast\u0105pi\u0142 Samorz\u0105d Wojew\u00f3dztwa Mazowieckiego. W roku 2006 Muzeum Kultury Kurpiowskiej przesz\u0142o kolejne wa\u017cne zmiany. Trwaj\u0105cy od czerwca do listopada generalny remont ca\u0142kowicie odmieni\u0142 jego oblicze. Powi\u0119kszonym salom wystawienniczym nadano nowoczesny, godny XXI wieku wizerunek. Dobudowano tak\u017ce nowe magazyny, kt\u00f3re u\u0142atwiaj\u0105 pracownikom dost\u0119p do eksponat\u00f3w, zmagazynowanych dotychczas poza muzeum. Ka\u017cdy z magazyn\u00f3w zosta\u0142 wyposa\u017cony w specjalistyczne rega\u0142y do przechowywania zbior\u00f3w, a sta\u0142y monitoring wilgotno\u015bci i temperatury powietrza w&nbsp;magazynach pozwalaj\u0105 na przechowywanie zbior\u00f3w muzealnych w idealnych warunkach. Wyposa\u017cona w&nbsp;profesjonalny sprz\u0119t pracownia konserwatorska pozwala muzealnikom zadba\u0107 o stan eksponat\u00f3w, oraz daje mo\u017cliwo\u015b\u0107 lepszego ich zabezpieczenia. Dzi\u0119ki rozbudowaniu budynku muzeum mo\u017cliwe by\u0142o r\u00f3wnie\u017c zadaszenie dziedzi\u0144ca, kt\u00f3ry mo\u017ce teraz stanowi\u0107 miejsce spotka\u0144, koncert\u00f3w, okoliczno\u015bciowych imprez i zaj\u0119\u0107 warsztatowych, a dzi\u0119ki zainstalowaniu klimatyzacji mo\u017cna go wykorzystywa\u0107 przez ca\u0142y rok.<\/p>\n<p>Zbiory Muzeum licz\u0105 19027 muzeali\u00f3w i 11653 tys. zgromadzonych w muzealnej bibliotece ksi\u0105\u017cek (stan na grudzie\u0144 2025 r.). Tworzono je poprzez zakupy w desach i antykwariatach, na aukcjach, pozyskiwano od os\u00f3b prywatnych. Cz\u0119\u015b\u0107 stanowi\u0105 przekazy od instytucji i dary od lokalnej spo\u0142eczno\u015bci.<\/p>\n<p>Poza zwyk\u0142\u0105 dla muze\u00f3w dzia\u0142alno\u015bci\u0105 wystawiennicz\u0105 (sze\u015b\u0107 wystaw sta\u0142ych i zmieniane co kwarta\u0142 wystawy czasowe) Muzeum Kultury Kurpiowskiej prowadzi r\u00f3wnie\u017c dzia\u0142alno\u015b\u0107 edukacyjn\u0105. Organizowane od kilkunastu lat lekcje i warsztaty muzealne ciesz\u0105 si\u0119 du\u017cym, a przy tym rosn\u0105cym z roku na rok, zainteresowaniem. Tematyka oferty edukacyjnej nawi\u0105zuje do prezentowanych akurat wystaw czasowych lub &#8211; jak w przypadku zaj\u0119\u0107 etnograficznych i historycznych &#8211; jest aktualna przez ca\u0142y rok.<\/p>\n<p>&nbsp;<\/p>\n","protected":false},"excerpt":{"rendered":"<p>Ostro\u0142\u0119ckie Muzeum zosta\u0142o powo\u0142ane do istnienia w grudniu 1975 r. jako Muzeum Okr\u0119gowe. Na jego siedzib\u0119, kt\u00f3ra pozosta\u0142a niezmieniona, wybrano neoklasycystyczn\u0105 kamienic\u0119, wybudowan\u0105 w latach dwudziestych dziewi\u0119tnastego stulecia na potrzeby poczty. Na pocz\u0105tku, Muzeum otrzyma\u0142o do dyspozycji jedynie pi\u0119tro zabytkowej kamienicy, a ca\u0142o\u015bci\u0105 budynku dysponuje od roku 1980. Pierwsze lata dzia\u0142alno\u015bci to przede wszystkim intensywne [&hellip;]<\/p>\n","protected":false},"author":1,"featured_media":121,"parent":0,"menu_order":0,"comment_status":"closed","ping_status":"closed","template":"","meta":{"_acf_changed":false,"_lmt_disableupdate":"no","_lmt_disable":"no","_monsterinsights_skip_tracking":false,"_monsterinsights_sitenote_active":false,"_monsterinsights_sitenote_note":"","_monsterinsights_sitenote_category":0,"ngg_post_thumbnail":0,"footnotes":""},"class_list":["post-1496","page","type-page","status-publish","has-post-thumbnail","hentry"],"acf":[],"_links":{"self":[{"href":"https:\/\/muzeum.ostroleka.pl\/index.php?rest_route=\/wp\/v2\/pages\/1496","targetHints":{"allow":["GET"]}}],"collection":[{"href":"https:\/\/muzeum.ostroleka.pl\/index.php?rest_route=\/wp\/v2\/pages"}],"about":[{"href":"https:\/\/muzeum.ostroleka.pl\/index.php?rest_route=\/wp\/v2\/types\/page"}],"author":[{"embeddable":true,"href":"https:\/\/muzeum.ostroleka.pl\/index.php?rest_route=\/wp\/v2\/users\/1"}],"replies":[{"embeddable":true,"href":"https:\/\/muzeum.ostroleka.pl\/index.php?rest_route=%2Fwp%2Fv2%2Fcomments&post=1496"}],"version-history":[{"count":11,"href":"https:\/\/muzeum.ostroleka.pl\/index.php?rest_route=\/wp\/v2\/pages\/1496\/revisions"}],"predecessor-version":[{"id":19271,"href":"https:\/\/muzeum.ostroleka.pl\/index.php?rest_route=\/wp\/v2\/pages\/1496\/revisions\/19271"}],"wp:featuredmedia":[{"embeddable":true,"href":"https:\/\/muzeum.ostroleka.pl\/index.php?rest_route=\/wp\/v2\/media\/121"}],"wp:attachment":[{"href":"https:\/\/muzeum.ostroleka.pl\/index.php?rest_route=%2Fwp%2Fv2%2Fmedia&parent=1496"}],"curies":[{"name":"wp","href":"https:\/\/api.w.org\/{rel}","templated":true}]}}