{"id":208,"date":"2019-03-22T07:15:25","date_gmt":"2019-03-22T07:15:25","guid":{"rendered":"http:\/\/mkk.wisnia.pl\/?page_id=208"},"modified":"2019-03-22T07:15:25","modified_gmt":"2019-03-22T07:15:25","slug":"dzialy-mkk","status":"publish","type":"page","link":"https:\/\/muzeum.ostroleka.pl\/?page_id=208","title":{"rendered":"Dzia\u0142y MKK"},"content":{"rendered":"<h3>Dzia\u0142 Historyczno &#8211; Artystyczny<\/h3>\n<p>Zbiory dzia\u0142u, w jego cz\u0119\u015bci historycznej, dokumentuj\u0105 histori\u0119 mieszka\u0144c\u00f3w i instytucji dzia\u0142aj\u0105cych na terenie Ostro\u0142\u0119ki w XIX i XX wieku. Zawieraj\u0105 materia\u0142y archiwalne \u2013 dokumenty zwi\u0105zane z \u017cyciem ostro\u0142\u0119czan, korespondencj\u0119 obozow\u0105 i frontow\u0105 z obydwu wojen \u015bwiatowych, wspomnienia oraz fotografie rodzinne i okoliczno\u015bciowe, a tak\u017ce poczt\u00f3wki rejestruj\u0105ce wygl\u0105d miasta i regionu kurpiowskiego na przestrzeni XX w.&nbsp;<\/p>\n<p>Wa\u017cne miejsce w zbiorach zajmuj\u0105 muzealia dotycz\u0105ce powsta\u0144 narodowych: ko\u015bciuszkowskiego i&nbsp;listopadowego, ze szczeg\u00f3lnym uwzgl\u0119dnieniem bitwy 26 maja 1831 roku, oraz kampanii napoleo\u0144skiej 1806 \u2013 1807. Te istotne dla historii Polski wydarzenia mia\u0142y zwi\u0105zek r\u00f3wnie\u017c z Ostro\u0142\u0119k\u0105. W cz\u0119\u015bci artystycznej zbior\u00f3w znajduj\u0105 si\u0119 prace artyst\u00f3w ostro\u0142\u0119ckich oraz artyst\u00f3w tworz\u0105cych w okresie mi\u0119dzywojennym: Stowarzyszenia Artyst\u00f3w Polskich \u201eRytm\u201d, Sp\u00f3\u0142dzielni Artyst\u00f3w \u201e\u0141ad\u201d i Sp\u00f3\u0142dzielni Artyst\u00f3w Grafik\u00f3w \u201eRyt\u201d \u2013 czyli tych grup, kt\u00f3re d\u0105\u017cy\u0142y do stworzenia stylu narodowego w oparciu o&nbsp;kultur\u0119 ludow\u0105 wsi.<\/p>\n<p>&nbsp;<\/p>\n<h3>Dzia\u0142 Etnograficzny<\/h3>\n<p>Zbiory etnograficzne licz\u0105 ponad 3300 muzeali\u00f3w, pochodz\u0105cych wy\u0142\u0105cznie z rejonu kurpiowszczyzny [Puszcza Zielona i Puszcza Bia\u0142a]. Znajduj\u0105 si\u0119 w\u015br\u00f3d nich: wycinanki, ozdoby bursztynowe, tradycyjne stroje regionalne i tkaniny dekoracyjne, rze\u017aby sakralne [XVIII w. \u2013 XX w.], plecionki wykonane z korzenia sosny lub s\u0142omy, naczynia ceramiczne i drewniane, meble oraz narz\u0119dzia do obr\u00f3bki lnu, we\u0142ny, drewna i&nbsp;\u017celaza. Na szczeg\u00f3ln\u0105 uwag\u0119 zas\u0142uguje przede wszystkim zbi\u00f3r wycinanek [ponad 700 szt.], kt\u00f3re s\u0105 unikalnym w skali \u015bwiatowej przyk\u0142adem sztuki ludowej. R\u00f3wnie interesuj\u0105ca jest kolekcja ozd\u00f3b wykonanych z bursztynu, zawieraj\u0105ca kolie, wisiorki, guziki, klamerki i nale\u017c\u0105ce do rzadko\u015bci r\u00f3\u017ca\u0144ce oraz kierce \u2013 charakterystyczne dla Kurpi elementy zdobnicze zawieszane pod sufitem.<\/p>\n<p>&nbsp;<\/p>\n<h3>Dzia\u0142 Edukacji i Promocji<\/h3>\n<p>Dzia\u0142 zajmuje si\u0119 szeroko poj\u0119t\u0105 dzia\u0142alno\u015bci\u0105 edukacyjn\u0105. Inspiruje i koordynuje wydarzenia oraz imprezy organizowane przez Muzeum Kultury Kurpiowskiej w Ostro\u0142\u0119ce, takie jak: Noc Muze\u00f3w, Wsp\u00f3lne \u015apiewanie Patriotyczne, rodzinne imprezy&nbsp;<em>Id\u0105 \u015awi\u0119ta<\/em>, Muzeum dla Seniora. Ponadto sprawuje piecz\u0119 nad dzia\u0142alno\u015bci\u0105 wydawnicz\u0105 muzeum oraz nad przygotowaniem i dystrybucj\u0105 pami\u0105tek muzealnych. Pracownicy dzia\u0142u odpowiadaj\u0105 tak\u017ce za oprowadzanie zwiedzaj\u0105cych po ekspozycjach sta\u0142ych i&nbsp;czasowych.<\/p>\n","protected":false},"excerpt":{"rendered":"<p>Dzia\u0142 Historyczno &#8211; Artystyczny Zbiory dzia\u0142u, w jego cz\u0119\u015bci historycznej, dokumentuj\u0105 histori\u0119 mieszka\u0144c\u00f3w i instytucji dzia\u0142aj\u0105cych na terenie Ostro\u0142\u0119ki w XIX i XX wieku. Zawieraj\u0105 materia\u0142y archiwalne \u2013 dokumenty zwi\u0105zane z \u017cyciem ostro\u0142\u0119czan, korespondencj\u0119 obozow\u0105 i frontow\u0105 z obydwu wojen \u015bwiatowych, wspomnienia oraz fotografie rodzinne i okoliczno\u015bciowe, a tak\u017ce poczt\u00f3wki rejestruj\u0105ce wygl\u0105d miasta i regionu [&hellip;]<\/p>\n","protected":false},"author":1,"featured_media":112,"parent":0,"menu_order":0,"comment_status":"closed","ping_status":"closed","template":"","meta":{"_acf_changed":false,"_lmt_disableupdate":"","_lmt_disable":"","_monsterinsights_skip_tracking":false,"_monsterinsights_sitenote_active":false,"_monsterinsights_sitenote_note":"","_monsterinsights_sitenote_category":0,"ngg_post_thumbnail":0,"footnotes":""},"class_list":["post-208","page","type-page","status-publish","has-post-thumbnail","hentry"],"acf":[],"_links":{"self":[{"href":"https:\/\/muzeum.ostroleka.pl\/index.php?rest_route=\/wp\/v2\/pages\/208","targetHints":{"allow":["GET"]}}],"collection":[{"href":"https:\/\/muzeum.ostroleka.pl\/index.php?rest_route=\/wp\/v2\/pages"}],"about":[{"href":"https:\/\/muzeum.ostroleka.pl\/index.php?rest_route=\/wp\/v2\/types\/page"}],"author":[{"embeddable":true,"href":"https:\/\/muzeum.ostroleka.pl\/index.php?rest_route=\/wp\/v2\/users\/1"}],"replies":[{"embeddable":true,"href":"https:\/\/muzeum.ostroleka.pl\/index.php?rest_route=%2Fwp%2Fv2%2Fcomments&post=208"}],"version-history":[{"count":1,"href":"https:\/\/muzeum.ostroleka.pl\/index.php?rest_route=\/wp\/v2\/pages\/208\/revisions"}],"predecessor-version":[{"id":209,"href":"https:\/\/muzeum.ostroleka.pl\/index.php?rest_route=\/wp\/v2\/pages\/208\/revisions\/209"}],"wp:featuredmedia":[{"embeddable":true,"href":"https:\/\/muzeum.ostroleka.pl\/index.php?rest_route=\/wp\/v2\/media\/112"}],"wp:attachment":[{"href":"https:\/\/muzeum.ostroleka.pl\/index.php?rest_route=%2Fwp%2Fv2%2Fmedia&parent=208"}],"curies":[{"name":"wp","href":"https:\/\/api.w.org\/{rel}","templated":true}]}}